{"id":15485,"date":"2021-02-25T12:01:09","date_gmt":"2021-02-25T11:01:09","guid":{"rendered":"https:\/\/old.taobuk.it\/ep3-next-generation-copy\/"},"modified":"2021-02-25T18:35:49","modified_gmt":"2021-02-25T17:35:49","slug":"ep4-next-generation","status":"publish","type":"page","link":"https:\/\/old.taobuk.it\/en\/ep4-next-generation\/","title":{"rendered":"Ep.4  Next Generation"},"content":{"rendered":"<p>[vc_row full_width=&#8221;stretch_row&#8221; equal_height=&#8221;yes&#8221; content_placement=&#8221;middle&#8221; css=&#8221;.vc_custom_1611959612137{padding-top: 20px !important;background-color: #e0e0e0 !important;}&#8221; el_class=&#8221;avviso&#8221;][vc_column][vc_column_text]<\/p>\n<div style=\"text-align: left;\">Ti ricordiamo che al fine di poter richiedere una convalida di <strong>crediti formativi<\/strong>, ti chiediamo di completare questi due semplici passaggi:<\/div>\n<div style=\"text-align: left;\">1. Segui il nostro account <strong><a href=\"https:\/\/www.instagram.com\/taobukfestival\/\">Instagram<\/a> | <\/strong>2. Metti un like alla nostra pagina <a href=\"https:\/\/www.facebook.com\/taobuk\"><strong>Facebook<\/strong><\/a><\/div>\n<p>[\/vc_column_text][\/vc_column][\/vc_row][vc_row][vc_column css=&#8221;.vc_custom_1611876246713{padding-top: 10px !important;}&#8221;][vc_custom_heading text=&#8221;Ep.4 Next Generation Series&#8221; font_container=&#8221;tag:h2|text_align:left|color:%23ea5439&#8243; google_fonts=&#8221;font_family:Raleway%3A100%2C200%2C300%2Cregular%2C500%2C600%2C700%2C800%2C900|font_style:700%20bold%20regular%3A700%3Anormal&#8221;][\/vc_column][\/vc_row][vc_row][vc_column width=&#8221;1\/3&#8243;][vc_column_text]Ancora un confronto intorno a questioni di stringente attualit\u00e0 per il quarto appuntamento del ciclo, in programma il\u00a0<strong>25 Febbraio<\/strong>\u00a0con la moderazione di\u00a0<strong>Marianna Aprile<\/strong>\u00a0e gli interventi di\u00a0<strong>Francesco Grillo<\/strong>\u00a0e\u00a0<strong>Sabrina Mossenta.<\/strong>\u00a0Un incontro sulle ragioni che hanno portato al fallimento del modello neoliberista, guardando ad un progetto sociale, culturale e politico in cui non venga affidata al solo PIL la misurazione del benessere del cittadino, un mondo fatto di inclusione, solidariet\u00e0, sostenibilit\u00e0 ambientale e responsabilit\u00e0 condivise. Queste le linee guida che animeranno il dibattito con\u00a0<strong>Fabrizio Barca<\/strong>, che ha ricoperto tra gli altri l\u2019incarico di Presidente OCSE Politiche territoriali e Ministro per la Coesione territoriale, ed\u00a0<strong>Enrico Giovannini<\/strong>, gi\u00e0 Presidente dell\u2019ISTAT e Ministro per il Lavoro.[\/vc_column_text][\/vc_column][vc_column width=&#8221;2\/3&#8243;][vc_text_separator title=&#8221;LA DIRETTA INIZIER\u00c0 ALLE ORE 18.30 AGGIORNA LA PAGINA PER PARTECIPARE&#8221;][vc_raw_html]JTNDaWZyYW1lJTIwc3JjJTNEJTIyaHR0cHMlM0ElMkYlMkZ3d3cuZmFjZWJvb2suY29tJTJGcGx1Z2lucyUyRnZpZGVvLnBocCUzRmhlaWdodCUzRDMxNCUyNmhyZWYlM0RodHRwcyUyNTNBJTI1MkYlMjUyRnd3dy5mYWNlYm9vay5jb20lMjUyRnRhb2J1ayUyNTJGdmlkZW9zJTI1MkYxNDc5NzU4MTA0ODM1NTglMjUyRiUyNnNob3dfdGV4dCUzRGZhbHNlJTI2d2lkdGglM0Q1NjAlMjIlMjB3aWR0aCUzRCUyMjU2MCUyMiUyMGhlaWdodCUzRCUyMjMxNCUyMiUyMHN0eWxlJTNEJTIyYm9yZGVyJTNBbm9uZSUzQm92ZXJmbG93JTNBaGlkZGVuJTIyJTIwc2Nyb2xsaW5nJTNEJTIybm8lMjIlMjBmcmFtZWJvcmRlciUzRCUyMjAlMjIlMjBhbGxvd2Z1bGxzY3JlZW4lM0QlMjJ0cnVlJTIyJTIwYWxsb3clM0QlMjJhdXRvcGxheSUzQiUyMGNsaXBib2FyZC13cml0ZSUzQiUyMGVuY3J5cHRlZC1tZWRpYSUzQiUyMHBpY3R1cmUtaW4tcGljdHVyZSUzQiUyMHdlYi1zaGFyZSUyMiUyMGFsbG93RnVsbFNjcmVlbiUzRCUyMnRydWUlMjIlM0UlM0MlMkZpZnJhbWUlM0U=[\/vc_raw_html][\/vc_column][\/vc_row][vc_row content_placement=&#8221;middle&#8221;][vc_column width=&#8221;1\/6&#8243;][vc_single_image image=&#8221;15310&#8243; img_size=&#8221;medium&#8221; alignment=&#8221;center&#8221; onclick=&#8221;custom_link&#8221; img_link_target=&#8221;_blank&#8221; link=&#8221;https:\/\/thinktank.vision\/en\/media-en\/events\/europe-beyond-the-union-in-a-post-pandemic-world&#8221; el_class=&#8221;taobuk_logo&#8221;][\/vc_column][vc_column width=&#8221;1\/6&#8243;][vc_single_image image=&#8221;13430&#8243; img_size=&#8221;&#8221; alignment=&#8221;center&#8221; onclick=&#8221;custom_link&#8221; img_link_target=&#8221;_blank&#8221; el_class=&#8221;logovision&#8221;][\/vc_column][vc_column width=&#8221;1\/6&#8243;][\/vc_column][vc_column width=&#8221;1\/6&#8243;][\/vc_column][vc_column width=&#8221;2\/6&#8243;][\/vc_column][\/vc_row]<\/p>\n","protected":false},"excerpt":{"rendered":"<p>[vc_row full_width=&#8221;stretch_row&#8221; equal_height=&#8221;yes&#8221; content_placement=&#8221;middle&#8221; css=&#8221;.vc_custom_1611959612137{padding-top: 20px !important;background-color: #e0e0e0 !important;}&#8221; el_class=&#8221;avviso&#8221;][vc_column][vc_column_text] Ti ricordiamo che al fine di poter richiedere una convalida di crediti formativi, ti chiediamo di completare questi due semplici passaggi: 1. Segui il nostro account Instagram | 2. Metti un like alla nostra pagina Facebook [\/vc_column_text][\/vc_column][\/vc_row][vc_row][vc_column css=&#8221;.vc_custom_1611876246713{padding-top: 10px !important;}&#8221;][vc_custom_heading text=&#8221;Ep.4 Next Generation Series&#8221; font_container=&#8221;tag:h2|text_align:left|color:%23ea5439&#8243; &hellip; <a href=\"https:\/\/old.taobuk.it\/en\/ep4-next-generation\/\">Continued<\/a><\/p>\n","protected":false},"author":28,"featured_media":15304,"parent":0,"menu_order":16,"comment_status":"closed","ping_status":"closed","template":"template-simple.php","meta":{"_acf_changed":false,"footnotes":""},"class_list":["post-15485","page","type-page","status-publish","has-post-thumbnail","hentry"],"acf":[],"yoast_head":"<!-- This site is optimized with the Yoast SEO plugin v27.3 - https:\/\/yoast.com\/product\/yoast-seo-wordpress\/ -->\n<title>Ep.4 Next Generation - TaoBuk<\/title>\n<meta name=\"robots\" content=\"index, follow, max-snippet:-1, max-image-preview:large, max-video-preview:-1\" \/>\n<link rel=\"canonical\" href=\"https:\/\/old.taobuk.it\/en\/ep4-next-generation\/\" \/>\n<meta property=\"og:locale\" content=\"en_US\" \/>\n<meta property=\"og:type\" content=\"article\" \/>\n<meta property=\"og:title\" content=\"Ep.4 Next Generation - TaoBuk\" \/>\n<meta property=\"og:description\" content=\"[vc_row full_width=&#8221;stretch_row&#8221; equal_height=&#8221;yes&#8221; content_placement=&#8221;middle&#8221; css=&#8221;.vc_custom_1611959612137{padding-top: 20px !important;background-color: #e0e0e0 !important;}&#8221; el_class=&#8221;avviso&#8221;][vc_column][vc_column_text] Ti ricordiamo che al fine di poter richiedere una convalida di crediti formativi, ti chiediamo di completare questi due semplici passaggi: 1. Segui il nostro account Instagram | 2. Metti un like alla nostra pagina Facebook [\/vc_column_text][\/vc_column][\/vc_row][vc_row][vc_column css=&#8221;.vc_custom_1611876246713{padding-top: 10px !important;}&#8221;][vc_custom_heading text=&#8221;Ep.4 Next Generation Series&#8221; font_container=&#8221;tag:h2|text_align:left|color:%23ea5439&#8243; &hellip; Continued\" \/>\n<meta property=\"og:url\" content=\"https:\/\/old.taobuk.it\/en\/ep4-next-generation\/\" \/>\n<meta property=\"og:site_name\" content=\"TaoBuk\" \/>\n<meta property=\"article:publisher\" content=\"https:\/\/www.facebook.com\/taobuk\/\" \/>\n<meta property=\"article:modified_time\" content=\"2021-02-25T17:35:49+00:00\" \/>\n<meta property=\"og:image\" content=\"https:\/\/old.taobuk.it\/wp-content\/uploads\/2021\/01\/next-generation-1920.jpg\" \/>\n\t<meta property=\"og:image:width\" content=\"1920\" \/>\n\t<meta property=\"og:image:height\" content=\"600\" \/>\n\t<meta property=\"og:image:type\" content=\"image\/jpeg\" \/>\n<meta name=\"twitter:card\" content=\"summary_large_image\" \/>\n<meta name=\"twitter:site\" content=\"@taobukfestival\" \/>\n<meta name=\"twitter:label1\" content=\"Est. reading time\" \/>\n\t<meta name=\"twitter:data1\" content=\"2 minutes\" \/>\n<script type=\"application\/ld+json\" class=\"yoast-schema-graph\">{\"@context\":\"https:\\\/\\\/schema.org\",\"@graph\":[{\"@type\":\"WebPage\",\"@id\":\"https:\\\/\\\/old.taobuk.it\\\/en\\\/ep4-next-generation\\\/\",\"url\":\"https:\\\/\\\/old.taobuk.it\\\/en\\\/ep4-next-generation\\\/\",\"name\":\"Ep.4 Next Generation - TaoBuk\",\"isPartOf\":{\"@id\":\"https:\\\/\\\/old.taobuk.it\\\/en\\\/#website\"},\"primaryImageOfPage\":{\"@id\":\"https:\\\/\\\/old.taobuk.it\\\/en\\\/ep4-next-generation\\\/#primaryimage\"},\"image\":{\"@id\":\"https:\\\/\\\/old.taobuk.it\\\/en\\\/ep4-next-generation\\\/#primaryimage\"},\"thumbnailUrl\":\"https:\\\/\\\/old.taobuk.it\\\/wp-content\\\/uploads\\\/2021\\\/01\\\/next-generation-1920.jpg\",\"datePublished\":\"2021-02-25T11:01:09+00:00\",\"dateModified\":\"2021-02-25T17:35:49+00:00\",\"breadcrumb\":{\"@id\":\"https:\\\/\\\/old.taobuk.it\\\/en\\\/ep4-next-generation\\\/#breadcrumb\"},\"inLanguage\":\"en-US\",\"potentialAction\":[{\"@type\":\"ReadAction\",\"target\":[\"https:\\\/\\\/old.taobuk.it\\\/en\\\/ep4-next-generation\\\/\"]}]},{\"@type\":\"ImageObject\",\"inLanguage\":\"en-US\",\"@id\":\"https:\\\/\\\/old.taobuk.it\\\/en\\\/ep4-next-generation\\\/#primaryimage\",\"url\":\"https:\\\/\\\/old.taobuk.it\\\/wp-content\\\/uploads\\\/2021\\\/01\\\/next-generation-1920.jpg\",\"contentUrl\":\"https:\\\/\\\/old.taobuk.it\\\/wp-content\\\/uploads\\\/2021\\\/01\\\/next-generation-1920.jpg\",\"width\":1920,\"height\":600},{\"@type\":\"BreadcrumbList\",\"@id\":\"https:\\\/\\\/old.taobuk.it\\\/en\\\/ep4-next-generation\\\/#breadcrumb\",\"itemListElement\":[{\"@type\":\"ListItem\",\"position\":1,\"name\":\"Home\",\"item\":\"https:\\\/\\\/old.taobuk.it\\\/en\\\/\"},{\"@type\":\"ListItem\",\"position\":2,\"name\":\"Ep.4 Next Generation\"}]},{\"@type\":\"WebSite\",\"@id\":\"https:\\\/\\\/old.taobuk.it\\\/en\\\/#website\",\"url\":\"https:\\\/\\\/old.taobuk.it\\\/en\\\/\",\"name\":\"TaoBuk\",\"description\":\"Taormina International Book Festival\",\"publisher\":{\"@id\":\"https:\\\/\\\/old.taobuk.it\\\/en\\\/#organization\"},\"potentialAction\":[{\"@type\":\"SearchAction\",\"target\":{\"@type\":\"EntryPoint\",\"urlTemplate\":\"https:\\\/\\\/old.taobuk.it\\\/en\\\/?s={search_term_string}\"},\"query-input\":{\"@type\":\"PropertyValueSpecification\",\"valueRequired\":true,\"valueName\":\"search_term_string\"}}],\"inLanguage\":\"en-US\"},{\"@type\":\"Organization\",\"@id\":\"https:\\\/\\\/old.taobuk.it\\\/en\\\/#organization\",\"name\":\"Taobuk\",\"url\":\"https:\\\/\\\/old.taobuk.it\\\/en\\\/\",\"logo\":{\"@type\":\"ImageObject\",\"inLanguage\":\"en-US\",\"@id\":\"https:\\\/\\\/old.taobuk.it\\\/en\\\/#\\\/schema\\\/logo\\\/image\\\/\",\"url\":\"https:\\\/\\\/old.taobuk.it\\\/wp-content\\\/uploads\\\/2019\\\/05\\\/logo-negative.png\",\"contentUrl\":\"https:\\\/\\\/old.taobuk.it\\\/wp-content\\\/uploads\\\/2019\\\/05\\\/logo-negative.png\",\"width\":150,\"height\":46,\"caption\":\"Taobuk\"},\"image\":{\"@id\":\"https:\\\/\\\/old.taobuk.it\\\/en\\\/#\\\/schema\\\/logo\\\/image\\\/\"},\"sameAs\":[\"https:\\\/\\\/www.facebook.com\\\/taobuk\\\/\",\"https:\\\/\\\/x.com\\\/taobukfestival\",\"https:\\\/\\\/www.instagram.com\\\/taobukfestival\\\/\",\"https:\\\/\\\/www.youtube.com\\\/user\\\/TAOBUK\"]}]}<\/script>\n<!-- \/ Yoast SEO plugin. -->","yoast_head_json":{"title":"Ep.4 Next Generation - TaoBuk","robots":{"index":"index","follow":"follow","max-snippet":"max-snippet:-1","max-image-preview":"max-image-preview:large","max-video-preview":"max-video-preview:-1"},"canonical":"https:\/\/old.taobuk.it\/en\/ep4-next-generation\/","og_locale":"en_US","og_type":"article","og_title":"Ep.4 Next Generation - TaoBuk","og_description":"[vc_row full_width=&#8221;stretch_row&#8221; equal_height=&#8221;yes&#8221; content_placement=&#8221;middle&#8221; css=&#8221;.vc_custom_1611959612137{padding-top: 20px !important;background-color: #e0e0e0 !important;}&#8221; el_class=&#8221;avviso&#8221;][vc_column][vc_column_text] Ti ricordiamo che al fine di poter richiedere una convalida di crediti formativi, ti chiediamo di completare questi due semplici passaggi: 1. Segui il nostro account Instagram | 2. Metti un like alla nostra pagina Facebook [\/vc_column_text][\/vc_column][\/vc_row][vc_row][vc_column css=&#8221;.vc_custom_1611876246713{padding-top: 10px !important;}&#8221;][vc_custom_heading text=&#8221;Ep.4 Next Generation Series&#8221; font_container=&#8221;tag:h2|text_align:left|color:%23ea5439&#8243; &hellip; Continued","og_url":"https:\/\/old.taobuk.it\/en\/ep4-next-generation\/","og_site_name":"TaoBuk","article_publisher":"https:\/\/www.facebook.com\/taobuk\/","article_modified_time":"2021-02-25T17:35:49+00:00","og_image":[{"width":1920,"height":600,"url":"https:\/\/old.taobuk.it\/wp-content\/uploads\/2021\/01\/next-generation-1920.jpg","type":"image\/jpeg"}],"twitter_card":"summary_large_image","twitter_site":"@taobukfestival","twitter_misc":{"Est. reading time":"2 minutes"},"schema":{"@context":"https:\/\/schema.org","@graph":[{"@type":"WebPage","@id":"https:\/\/old.taobuk.it\/en\/ep4-next-generation\/","url":"https:\/\/old.taobuk.it\/en\/ep4-next-generation\/","name":"Ep.4 Next Generation - TaoBuk","isPartOf":{"@id":"https:\/\/old.taobuk.it\/en\/#website"},"primaryImageOfPage":{"@id":"https:\/\/old.taobuk.it\/en\/ep4-next-generation\/#primaryimage"},"image":{"@id":"https:\/\/old.taobuk.it\/en\/ep4-next-generation\/#primaryimage"},"thumbnailUrl":"https:\/\/old.taobuk.it\/wp-content\/uploads\/2021\/01\/next-generation-1920.jpg","datePublished":"2021-02-25T11:01:09+00:00","dateModified":"2021-02-25T17:35:49+00:00","breadcrumb":{"@id":"https:\/\/old.taobuk.it\/en\/ep4-next-generation\/#breadcrumb"},"inLanguage":"en-US","potentialAction":[{"@type":"ReadAction","target":["https:\/\/old.taobuk.it\/en\/ep4-next-generation\/"]}]},{"@type":"ImageObject","inLanguage":"en-US","@id":"https:\/\/old.taobuk.it\/en\/ep4-next-generation\/#primaryimage","url":"https:\/\/old.taobuk.it\/wp-content\/uploads\/2021\/01\/next-generation-1920.jpg","contentUrl":"https:\/\/old.taobuk.it\/wp-content\/uploads\/2021\/01\/next-generation-1920.jpg","width":1920,"height":600},{"@type":"BreadcrumbList","@id":"https:\/\/old.taobuk.it\/en\/ep4-next-generation\/#breadcrumb","itemListElement":[{"@type":"ListItem","position":1,"name":"Home","item":"https:\/\/old.taobuk.it\/en\/"},{"@type":"ListItem","position":2,"name":"Ep.4 Next Generation"}]},{"@type":"WebSite","@id":"https:\/\/old.taobuk.it\/en\/#website","url":"https:\/\/old.taobuk.it\/en\/","name":"TaoBuk","description":"Taormina International Book Festival","publisher":{"@id":"https:\/\/old.taobuk.it\/en\/#organization"},"potentialAction":[{"@type":"SearchAction","target":{"@type":"EntryPoint","urlTemplate":"https:\/\/old.taobuk.it\/en\/?s={search_term_string}"},"query-input":{"@type":"PropertyValueSpecification","valueRequired":true,"valueName":"search_term_string"}}],"inLanguage":"en-US"},{"@type":"Organization","@id":"https:\/\/old.taobuk.it\/en\/#organization","name":"Taobuk","url":"https:\/\/old.taobuk.it\/en\/","logo":{"@type":"ImageObject","inLanguage":"en-US","@id":"https:\/\/old.taobuk.it\/en\/#\/schema\/logo\/image\/","url":"https:\/\/old.taobuk.it\/wp-content\/uploads\/2019\/05\/logo-negative.png","contentUrl":"https:\/\/old.taobuk.it\/wp-content\/uploads\/2019\/05\/logo-negative.png","width":150,"height":46,"caption":"Taobuk"},"image":{"@id":"https:\/\/old.taobuk.it\/en\/#\/schema\/logo\/image\/"},"sameAs":["https:\/\/www.facebook.com\/taobuk\/","https:\/\/x.com\/taobukfestival","https:\/\/www.instagram.com\/taobukfestival\/","https:\/\/www.youtube.com\/user\/TAOBUK"]}]}},"_links":{"self":[{"href":"https:\/\/old.taobuk.it\/en\/wp-json\/wp\/v2\/pages\/15485","targetHints":{"allow":["GET"]}}],"collection":[{"href":"https:\/\/old.taobuk.it\/en\/wp-json\/wp\/v2\/pages"}],"about":[{"href":"https:\/\/old.taobuk.it\/en\/wp-json\/wp\/v2\/types\/page"}],"author":[{"embeddable":true,"href":"https:\/\/old.taobuk.it\/en\/wp-json\/wp\/v2\/users\/28"}],"replies":[{"embeddable":true,"href":"https:\/\/old.taobuk.it\/en\/wp-json\/wp\/v2\/comments?post=15485"}],"version-history":[{"count":4,"href":"https:\/\/old.taobuk.it\/en\/wp-json\/wp\/v2\/pages\/15485\/revisions"}],"predecessor-version":[{"id":15499,"href":"https:\/\/old.taobuk.it\/en\/wp-json\/wp\/v2\/pages\/15485\/revisions\/15499"}],"wp:featuredmedia":[{"embeddable":true,"href":"https:\/\/old.taobuk.it\/en\/wp-json\/wp\/v2\/media\/15304"}],"wp:attachment":[{"href":"https:\/\/old.taobuk.it\/en\/wp-json\/wp\/v2\/media?parent=15485"}],"curies":[{"name":"wp","href":"https:\/\/api.w.org\/{rel}","templated":true}]}}