{"id":17441,"date":"2021-05-25T10:23:00","date_gmt":"2021-05-25T08:23:00","guid":{"rendered":"https:\/\/old.taobuk.it\/?page_id=17441"},"modified":"2021-06-04T12:24:13","modified_gmt":"2021-06-04T10:24:13","slug":"laboratoriolefiabedelcuore","status":"publish","type":"page","link":"https:\/\/old.taobuk.it\/en\/progetti\/taokids\/laboratoriolefiabedelcuore\/","title":{"rendered":"Laboratorio &#8220;Le fiabe del cuore&#8221;"},"content":{"rendered":"<p>[vc_row][vc_column][vc_column_text css=&#8221;.vc_custom_1622738793675{margin-top: 50px !important;}&#8221;]<\/p>\n<h3 class=\"uppercase\" style=\"font-weight: 300; text-align: center;\"><span style=\"color: #ea5439;\">LABORATORIO \u201cLE FIABE DEL CUORE\u201d<\/span><\/h3>\n<h4 class=\"font-serif\" style=\"text-align: center; font-weight: bold;\"><em>di Loredana Ferrara ,raccontate da Maria Stella Sturiale<\/em><\/h4>\n<p>[\/vc_column_text][\/vc_column][\/vc_row][vc_row][vc_column width=&#8221;2\/3&#8243; css=&#8221;.vc_custom_1595518537802{margin-bottom: 50px !important;}&#8221;][vc_column_text]\u201cE\u2019 quando trasformiamo la realt\u00e0 che accade il sogno, e cosa c\u2019\u00e8 pi\u00f9 reale di questo?\u201d Loredana Ferrara<\/p>\n<p>Bene si allineano al tema della METAMORFOSI le Fiabe del Cuore di Loredana Santa Ferrara; i racconti infatti sono la rappresentazione di personaggi i quali vogliono andare oltre le forme gi\u00e0 conosciute del sentire, lasciandosi guidare dalle allegorie che la natura stessa pone ai loro occhi. Seguendo il flusso delle storie i personaggi riescono a sfatare tutto quello che sembra per arrivare alla propria verit\u00e0 ricca di sogni, immagini, posti lontani e fantasie raggiungibili. E\u2019 un po\u2019 come un viaggio all\u2019indietro dove la meta gioiosa \u00e8 solo la libert\u00e0 di essere s\u00e9 stessi.<\/p>\n<p>Giorno 18 giugno presso l&#8217;Archivio Storico, <em>via<\/em> Teofane Cerameo alle ore 17.[\/vc_column_text][\/vc_column][vc_column width=&#8221;1\/3&#8243;][vc_gallery type=&#8221;flexslider_slide&#8221; interval=&#8221;3&#8243; images=&#8221;18002,17536,17535&#8243; img_size=&#8221;full&#8221;][\/vc_column][\/vc_row][vc_section full_width=&#8221;stretch_row&#8221; css=&#8221;.vc_custom_1595512073362{background-color: #f5f5f5 !important;}&#8221;][vc_row][vc_column][vc_column_text]<\/p>\n<h3 class=\"uppercase\" style=\"font-weight: 300; text-align: center;\"><span style=\"color: #ea5439;\">In Cattedra<\/span><\/h3>\n<p>[\/vc_column_text][\/vc_column][\/vc_row][vc_row equal_height=&#8221;yes&#8221; content_placement=&#8221;middle&#8221; css=&#8221;.vc_custom_1595518647886{padding-bottom: 50px !important;}&#8221;][vc_column][vc_column_text]<strong>\u00a0Loredana Ferrara<\/strong><\/p>\n<p>nasce a Reggio Calabria nel 1965 .Arredatrice d\u2019interni di professione, svolge il suo lavoro\u00a0 da molti anni nel proprio negozio a Santa Teresa di Riva(ME).Ama da sempre disegnare e fermare sulla carta ogni pensiero che valga la pena di essere ricordato; scrivere per i bambini \u00e8 il suo sogno nel cassetto.<\/p>\n<p>Le fiabe saranno lette\u00a0 e interpretate da Maria Stella Sturiale.<\/p>\n<p><strong>Maria Stella Sturiale<\/strong> \u00e8 un\u2019attrice, doppiatrice e speaker radiofonica. Appassionata fin da bambina del mondo della recitazione, vive a Torino.<\/p>\n<p>[\/vc_column_text][\/vc_column][\/vc_row][\/vc_section]<\/p>\n","protected":false},"excerpt":{"rendered":"<p>[vc_row][vc_column][vc_column_text css=&#8221;.vc_custom_1622738793675{margin-top: 50px !important;}&#8221;] LABORATORIO \u201cLE FIABE DEL CUORE\u201d di Loredana Ferrara ,raccontate da Maria Stella Sturiale [\/vc_column_text][\/vc_column][\/vc_row][vc_row][vc_column width=&#8221;2\/3&#8243; css=&#8221;.vc_custom_1595518537802{margin-bottom: 50px !important;}&#8221;][vc_column_text]\u201cE\u2019 quando trasformiamo la realt\u00e0 che accade il sogno, e cosa c\u2019\u00e8 pi\u00f9 reale di questo?\u201d Loredana Ferrara Bene si allineano al tema della METAMORFOSI le Fiabe del Cuore di Loredana Santa Ferrara; i &hellip; <a href=\"https:\/\/old.taobuk.it\/en\/progetti\/taokids\/laboratoriolefiabedelcuore\/\">Continued<\/a><\/p>\n","protected":false},"author":33,"featured_media":0,"parent":2042,"menu_order":75,"comment_status":"closed","ping_status":"closed","template":"","meta":{"_acf_changed":false,"footnotes":""},"class_list":["post-17441","page","type-page","status-publish","hentry"],"acf":[],"yoast_head":"<!-- This site is optimized with the Yoast SEO plugin v27.4 - https:\/\/yoast.com\/product\/yoast-seo-wordpress\/ -->\n<title>Laboratorio &quot;Le fiabe del cuore&quot; - TaoBuk<\/title>\n<meta name=\"robots\" content=\"index, follow, max-snippet:-1, max-image-preview:large, max-video-preview:-1\" \/>\n<link rel=\"canonical\" href=\"https:\/\/old.taobuk.it\/en\/progetti\/taokids\/laboratoriolefiabedelcuore\/\" \/>\n<meta property=\"og:locale\" content=\"en_US\" \/>\n<meta property=\"og:type\" content=\"article\" \/>\n<meta property=\"og:title\" content=\"Laboratorio &quot;Le fiabe del cuore&quot; - TaoBuk\" \/>\n<meta property=\"og:description\" content=\"[vc_row][vc_column][vc_column_text css=&#8221;.vc_custom_1622738793675{margin-top: 50px !important;}&#8221;] LABORATORIO \u201cLE FIABE DEL CUORE\u201d di Loredana Ferrara ,raccontate da Maria Stella Sturiale [\/vc_column_text][\/vc_column][\/vc_row][vc_row][vc_column width=&#8221;2\/3&#8243; css=&#8221;.vc_custom_1595518537802{margin-bottom: 50px !important;}&#8221;][vc_column_text]\u201cE\u2019 quando trasformiamo la realt\u00e0 che accade il sogno, e cosa c\u2019\u00e8 pi\u00f9 reale di questo?\u201d Loredana Ferrara Bene si allineano al tema della METAMORFOSI le Fiabe del Cuore di Loredana Santa Ferrara; i &hellip; Continued\" \/>\n<meta property=\"og:url\" content=\"https:\/\/old.taobuk.it\/en\/progetti\/taokids\/laboratoriolefiabedelcuore\/\" \/>\n<meta property=\"og:site_name\" content=\"TaoBuk\" \/>\n<meta property=\"article:publisher\" content=\"https:\/\/www.facebook.com\/taobuk\/\" \/>\n<meta property=\"article:modified_time\" content=\"2021-06-04T10:24:13+00:00\" \/>\n<meta property=\"og:image\" content=\"https:\/\/old.taobuk.it\/wp-content\/uploads\/2018\/06\/placeholder_red_logo.jpg\" \/>\n\t<meta property=\"og:image:width\" content=\"1920\" \/>\n\t<meta property=\"og:image:height\" content=\"1080\" \/>\n\t<meta property=\"og:image:type\" content=\"image\/jpeg\" \/>\n<meta name=\"twitter:card\" content=\"summary_large_image\" \/>\n<meta name=\"twitter:site\" content=\"@taobukfestival\" \/>\n<meta name=\"twitter:label1\" content=\"Est. reading time\" \/>\n\t<meta name=\"twitter:data1\" content=\"2 minutes\" \/>\n<script type=\"application\/ld+json\" class=\"yoast-schema-graph\">{\"@context\":\"https:\\\/\\\/schema.org\",\"@graph\":[{\"@type\":\"WebPage\",\"@id\":\"https:\\\/\\\/old.taobuk.it\\\/en\\\/progetti\\\/taokids\\\/laboratoriolefiabedelcuore\\\/\",\"url\":\"https:\\\/\\\/old.taobuk.it\\\/en\\\/progetti\\\/taokids\\\/laboratoriolefiabedelcuore\\\/\",\"name\":\"Laboratorio \\\"Le fiabe del cuore\\\" - TaoBuk\",\"isPartOf\":{\"@id\":\"https:\\\/\\\/old.taobuk.it\\\/en\\\/#website\"},\"datePublished\":\"2021-05-25T08:23:00+00:00\",\"dateModified\":\"2021-06-04T10:24:13+00:00\",\"breadcrumb\":{\"@id\":\"https:\\\/\\\/old.taobuk.it\\\/en\\\/progetti\\\/taokids\\\/laboratoriolefiabedelcuore\\\/#breadcrumb\"},\"inLanguage\":\"en-US\",\"potentialAction\":[{\"@type\":\"ReadAction\",\"target\":[\"https:\\\/\\\/old.taobuk.it\\\/en\\\/progetti\\\/taokids\\\/laboratoriolefiabedelcuore\\\/\"]}]},{\"@type\":\"BreadcrumbList\",\"@id\":\"https:\\\/\\\/old.taobuk.it\\\/en\\\/progetti\\\/taokids\\\/laboratoriolefiabedelcuore\\\/#breadcrumb\",\"itemListElement\":[{\"@type\":\"ListItem\",\"position\":1,\"name\":\"Home\",\"item\":\"https:\\\/\\\/old.taobuk.it\\\/en\\\/\"},{\"@type\":\"ListItem\",\"position\":2,\"name\":\"I progetti\",\"item\":\"https:\\\/\\\/old.taobuk.it\\\/en\\\/projects\\\/\"},{\"@type\":\"ListItem\",\"position\":3,\"name\":\"TaoKids\",\"item\":\"https:\\\/\\\/old.taobuk.it\\\/en\\\/progetti\\\/taokids\\\/\"},{\"@type\":\"ListItem\",\"position\":4,\"name\":\"Laboratorio &#8220;Le fiabe del cuore&#8221;\"}]},{\"@type\":\"WebSite\",\"@id\":\"https:\\\/\\\/old.taobuk.it\\\/en\\\/#website\",\"url\":\"https:\\\/\\\/old.taobuk.it\\\/en\\\/\",\"name\":\"TaoBuk\",\"description\":\"Taormina International Book Festival\",\"publisher\":{\"@id\":\"https:\\\/\\\/old.taobuk.it\\\/en\\\/#organization\"},\"potentialAction\":[{\"@type\":\"SearchAction\",\"target\":{\"@type\":\"EntryPoint\",\"urlTemplate\":\"https:\\\/\\\/old.taobuk.it\\\/en\\\/?s={search_term_string}\"},\"query-input\":{\"@type\":\"PropertyValueSpecification\",\"valueRequired\":true,\"valueName\":\"search_term_string\"}}],\"inLanguage\":\"en-US\"},{\"@type\":\"Organization\",\"@id\":\"https:\\\/\\\/old.taobuk.it\\\/en\\\/#organization\",\"name\":\"Taobuk\",\"url\":\"https:\\\/\\\/old.taobuk.it\\\/en\\\/\",\"logo\":{\"@type\":\"ImageObject\",\"inLanguage\":\"en-US\",\"@id\":\"https:\\\/\\\/old.taobuk.it\\\/en\\\/#\\\/schema\\\/logo\\\/image\\\/\",\"url\":\"https:\\\/\\\/old.taobuk.it\\\/wp-content\\\/uploads\\\/2019\\\/05\\\/logo-negative.png\",\"contentUrl\":\"https:\\\/\\\/old.taobuk.it\\\/wp-content\\\/uploads\\\/2019\\\/05\\\/logo-negative.png\",\"width\":150,\"height\":46,\"caption\":\"Taobuk\"},\"image\":{\"@id\":\"https:\\\/\\\/old.taobuk.it\\\/en\\\/#\\\/schema\\\/logo\\\/image\\\/\"},\"sameAs\":[\"https:\\\/\\\/www.facebook.com\\\/taobuk\\\/\",\"https:\\\/\\\/x.com\\\/taobukfestival\",\"https:\\\/\\\/www.instagram.com\\\/taobukfestival\\\/\",\"https:\\\/\\\/www.youtube.com\\\/user\\\/TAOBUK\"]}]}<\/script>\n<!-- \/ Yoast SEO plugin. -->","yoast_head_json":{"title":"Laboratorio \"Le fiabe del cuore\" - TaoBuk","robots":{"index":"index","follow":"follow","max-snippet":"max-snippet:-1","max-image-preview":"max-image-preview:large","max-video-preview":"max-video-preview:-1"},"canonical":"https:\/\/old.taobuk.it\/en\/progetti\/taokids\/laboratoriolefiabedelcuore\/","og_locale":"en_US","og_type":"article","og_title":"Laboratorio \"Le fiabe del cuore\" - TaoBuk","og_description":"[vc_row][vc_column][vc_column_text css=&#8221;.vc_custom_1622738793675{margin-top: 50px !important;}&#8221;] LABORATORIO \u201cLE FIABE DEL CUORE\u201d di Loredana Ferrara ,raccontate da Maria Stella Sturiale [\/vc_column_text][\/vc_column][\/vc_row][vc_row][vc_column width=&#8221;2\/3&#8243; css=&#8221;.vc_custom_1595518537802{margin-bottom: 50px !important;}&#8221;][vc_column_text]\u201cE\u2019 quando trasformiamo la realt\u00e0 che accade il sogno, e cosa c\u2019\u00e8 pi\u00f9 reale di questo?\u201d Loredana Ferrara Bene si allineano al tema della METAMORFOSI le Fiabe del Cuore di Loredana Santa Ferrara; i &hellip; Continued","og_url":"https:\/\/old.taobuk.it\/en\/progetti\/taokids\/laboratoriolefiabedelcuore\/","og_site_name":"TaoBuk","article_publisher":"https:\/\/www.facebook.com\/taobuk\/","article_modified_time":"2021-06-04T10:24:13+00:00","og_image":[{"width":1920,"height":1080,"url":"https:\/\/old.taobuk.it\/wp-content\/uploads\/2018\/06\/placeholder_red_logo.jpg","type":"image\/jpeg"}],"twitter_card":"summary_large_image","twitter_site":"@taobukfestival","twitter_misc":{"Est. reading time":"2 minutes"},"schema":{"@context":"https:\/\/schema.org","@graph":[{"@type":"WebPage","@id":"https:\/\/old.taobuk.it\/en\/progetti\/taokids\/laboratoriolefiabedelcuore\/","url":"https:\/\/old.taobuk.it\/en\/progetti\/taokids\/laboratoriolefiabedelcuore\/","name":"Laboratorio \"Le fiabe del cuore\" - TaoBuk","isPartOf":{"@id":"https:\/\/old.taobuk.it\/en\/#website"},"datePublished":"2021-05-25T08:23:00+00:00","dateModified":"2021-06-04T10:24:13+00:00","breadcrumb":{"@id":"https:\/\/old.taobuk.it\/en\/progetti\/taokids\/laboratoriolefiabedelcuore\/#breadcrumb"},"inLanguage":"en-US","potentialAction":[{"@type":"ReadAction","target":["https:\/\/old.taobuk.it\/en\/progetti\/taokids\/laboratoriolefiabedelcuore\/"]}]},{"@type":"BreadcrumbList","@id":"https:\/\/old.taobuk.it\/en\/progetti\/taokids\/laboratoriolefiabedelcuore\/#breadcrumb","itemListElement":[{"@type":"ListItem","position":1,"name":"Home","item":"https:\/\/old.taobuk.it\/en\/"},{"@type":"ListItem","position":2,"name":"I progetti","item":"https:\/\/old.taobuk.it\/en\/projects\/"},{"@type":"ListItem","position":3,"name":"TaoKids","item":"https:\/\/old.taobuk.it\/en\/progetti\/taokids\/"},{"@type":"ListItem","position":4,"name":"Laboratorio &#8220;Le fiabe del cuore&#8221;"}]},{"@type":"WebSite","@id":"https:\/\/old.taobuk.it\/en\/#website","url":"https:\/\/old.taobuk.it\/en\/","name":"TaoBuk","description":"Taormina International Book Festival","publisher":{"@id":"https:\/\/old.taobuk.it\/en\/#organization"},"potentialAction":[{"@type":"SearchAction","target":{"@type":"EntryPoint","urlTemplate":"https:\/\/old.taobuk.it\/en\/?s={search_term_string}"},"query-input":{"@type":"PropertyValueSpecification","valueRequired":true,"valueName":"search_term_string"}}],"inLanguage":"en-US"},{"@type":"Organization","@id":"https:\/\/old.taobuk.it\/en\/#organization","name":"Taobuk","url":"https:\/\/old.taobuk.it\/en\/","logo":{"@type":"ImageObject","inLanguage":"en-US","@id":"https:\/\/old.taobuk.it\/en\/#\/schema\/logo\/image\/","url":"https:\/\/old.taobuk.it\/wp-content\/uploads\/2019\/05\/logo-negative.png","contentUrl":"https:\/\/old.taobuk.it\/wp-content\/uploads\/2019\/05\/logo-negative.png","width":150,"height":46,"caption":"Taobuk"},"image":{"@id":"https:\/\/old.taobuk.it\/en\/#\/schema\/logo\/image\/"},"sameAs":["https:\/\/www.facebook.com\/taobuk\/","https:\/\/x.com\/taobukfestival","https:\/\/www.instagram.com\/taobukfestival\/","https:\/\/www.youtube.com\/user\/TAOBUK"]}]}},"_links":{"self":[{"href":"https:\/\/old.taobuk.it\/en\/wp-json\/wp\/v2\/pages\/17441","targetHints":{"allow":["GET"]}}],"collection":[{"href":"https:\/\/old.taobuk.it\/en\/wp-json\/wp\/v2\/pages"}],"about":[{"href":"https:\/\/old.taobuk.it\/en\/wp-json\/wp\/v2\/types\/page"}],"author":[{"embeddable":true,"href":"https:\/\/old.taobuk.it\/en\/wp-json\/wp\/v2\/users\/33"}],"replies":[{"embeddable":true,"href":"https:\/\/old.taobuk.it\/en\/wp-json\/wp\/v2\/comments?post=17441"}],"version-history":[{"count":15,"href":"https:\/\/old.taobuk.it\/en\/wp-json\/wp\/v2\/pages\/17441\/revisions"}],"predecessor-version":[{"id":18006,"href":"https:\/\/old.taobuk.it\/en\/wp-json\/wp\/v2\/pages\/17441\/revisions\/18006"}],"up":[{"embeddable":true,"href":"https:\/\/old.taobuk.it\/en\/wp-json\/wp\/v2\/pages\/2042"}],"wp:attachment":[{"href":"https:\/\/old.taobuk.it\/en\/wp-json\/wp\/v2\/media?parent=17441"}],"curies":[{"name":"wp","href":"https:\/\/api.w.org\/{rel}","templated":true}]}}