{"id":17728,"date":"2021-05-28T01:08:57","date_gmt":"2021-05-27T23:08:57","guid":{"rendered":"https:\/\/old.taobuk.it\/?page_id=17728"},"modified":"2021-05-31T16:47:21","modified_gmt":"2021-05-31T14:47:21","slug":"la-metamorfosi-antonella-ferrara","status":"publish","type":"page","link":"https:\/\/old.taobuk.it\/en\/la-metamorfosi-antonella-ferrara\/","title":{"rendered":"La Metamorfosi"},"content":{"rendered":"<p>[vc_row css=&#8221;.vc_custom_1554836816002{margin-top: 20px !important;}&#8221;][vc_column css=&#8221;.vc_custom_1554839673493{margin-top: 20px !important;}&#8221;][vc_custom_heading text=&#8221;Un conto \u00e8 raccontare la Storia, un conto \u00e8 viverla. Se Taobuk si \u00e8 via via configurato co-me un convivio di pensatori, chiamati a leggere il presente e progettare il futuro, ecco che il tema &#8220;Metamorfosi. Tutto muta&#8220; impone un\u2019analisi in tempo reale delle trasmutazioni in at-to: \u00e8 cronaca di questi tempi. Il Covid che ha fatto ulteriormente collassare la crisi dell&#8217;Oc-cidente, al pari dell&#8217;ecosistema violato, oppure, di contro, i benefici della tecnologia digitale iperveloce: sono tutti fattori che si specchiano negli archetipi di metamorfosi risalenti al mi-to, ma agiscono adesso.&#8221; font_container=&#8221;tag:div|font_size:16|text_align:left&#8221; use_theme_fonts=&#8221;yes&#8221;][\/vc_column][\/vc_row][vc_row css=&#8221;.vc_custom_1554836816002{margin-top: 20px !important;}&#8221;][vc_column width=&#8221;1\/3&#8243; css=&#8221;.vc_custom_1554839673493{margin-top: 20px !important;}&#8221;][vc_single_image image=&#8221;17753&#8243; img_size=&#8221;400&#215;500&#8243;][\/vc_column][vc_column width=&#8221;2\/3&#8243;][vc_column_text el_class=&#8221;_abstract&#8221; css=&#8221;.vc_custom_1622472430276{margin-bottom: 50px !important;padding-top: 20px !important;}&#8221;]Perci\u00f2 il campo d&#8217;azione dell&#8217;undicesima edizione del festival si estende a 360 gradi per snodarsi attraverso percorsi tematici che, partendo dalle Belle Lettere e dalle altre Arti, si allargano alle scienze non esclusivamente umanistiche. Con questa espansione, Taobuk non solo prosegue nella progettualit\u00e0 &#8211; sviluppata nelle ultime edizioni &#8211; di ampliare lo sguardo agli aspetti politici economici e sociologici, ma si apre alla scienza pura, preconizzando un Uomo Nuovo che si confronta con nuovissime frontiere. Essenziale \u00e8 infatti comprendere quanto sia impattante il ruolo delle neuroscienze, della bioetica e della robotica, sia nel configurarsi di inediti modelli di comportamento sociale, sia nella rivoluzione che anima il campo della salute, innovato da intelligenza artificiale e medicina rigenerativa.<\/p>\n<p>Un\u00a0 connubio leonardesco tra scienza e arte, laddove la prima studia e modifica i fenomeni, la seconda li rappresenta nell&#8217;incessante dinamica della loro riconfigurazione. In particolare la letteratura: da Omero ad Ovidio, da Collodi e Stevenson a Kafka, per arrivare alla fantascienza e al fumetto, i vari generi offrono un variegato campionario della trasfigurazione.<\/p>\n<p>Ma Mutare \u00e8 anche la strategia del potere,insita nella conduzione dei movimenti socio-politici e dei sistemi economici, come emerger\u00e0 dal secondo Forum di Messina e Taormina dedicato alle sorti\u00a0 del Vecchio Continente e intitolato quest&#8217;anno alla Metamorfosi d\u2019Europa.<\/p>\n<p>&nbsp;<\/p>\n<p>Sono solo cenni al programma di Taobuk,\u00a0 come sempre strutturato sulla cultura del leggere, in quanto festival dalla primigenia e genuina vocazione letteraria, come conferma la sinergia stretta con il Cepell, che proprio a Taormina ha voluto organizzare i primi Stati generali dei Patti per la Lettura, oltre che inserire la citt\u00e0 nel progetto dedicato alla Lectura Dantis.<\/p>\n<p>&nbsp;<\/p>\n<p>N\u00e9 si ferma qui il tributo del festival al settecentenario dantesco. Ed ambitissima appare quella metamorfosi suprema che nel Paradiso trascende, ad indicare che se l&#8217;uomo vuole elevarsi, deve andare oltre se stesso, affrontare un viaggio, reale e metaforico, irto di dubbi ai quali cercare risposte. Questo <em>itinerario <\/em>\u00a0che Dante compie nella <em>Commedia<\/em>, si pu\u00f2 tradurre laicamente nella possibilit\u00e0 concessa all&#8217;essere umano di attuare, fuori e dentro di s\u00e9, una profonda\u00a0 trasmutazione logica ed etica: porsi al di sopra della propria finitezza e\u00a0 oltre l&#8217;involucro della forma, per riconoscere essenza e valori dell&#8217;umanit\u00e0.<\/p>\n<p>E la letteratura \u00e8 maestra nella rappresentazione della rinascita che pu\u00f2 scaturire da un mutamento profondo. Lo stesso che serpeggia nel mistico nomadismo del premio Nobel Olga Tokarczuk, o nel mal de vivre che innerva i romanzi di Emmanuel Carr\u00e8re. Fino alla pace invocata da David Grossman, quale metamorfosi collettiva di un idem sentire che finalmente rinneghi la guerra. Perci\u00f2 facciamo nostra la lezione della magnifica terna a cui andr\u00e0 quest\u2019anno il Taobuk Award for Literary Excellence.<\/p>\n<p class=\"p1\"><em>Antonella Ferrara<\/em><br \/>\nPresidente e Direttore Artistico<br \/>\nTaobuk<span class=\"Apple-converted-space\"><br \/>\n<\/span>Taormina International Book Festival<\/p>\n<p>[\/vc_column_text][\/vc_column][\/vc_row][vc_row full_width=&#8221;stretch_row_content_no_spaces&#8221; css=&#8221;.vc_custom_1620029503290{margin: 0px !important;padding: 0px !important;}&#8221;][vc_column css=&#8221;.vc_custom_1620029561288{background-color: #ea5439 !important;}&#8221;][vc_single_image image=&#8221;16164&#8243; img_size=&#8221;full&#8221; add_caption=&#8221;yes&#8221; alignment=&#8221;center&#8221;][\/vc_column][\/vc_row]<\/p>\n","protected":false},"excerpt":{"rendered":"<p>[vc_row css=&#8221;.vc_custom_1554836816002{margin-top: 20px !important;}&#8221;][vc_column css=&#8221;.vc_custom_1554839673493{margin-top: 20px !important;}&#8221;][vc_custom_heading text=&#8221;Un conto \u00e8 raccontare la Storia, un conto \u00e8 viverla. Se Taobuk si \u00e8 via via configurato co-me un convivio di pensatori, chiamati a leggere il presente e progettare il futuro, ecco che il tema &#8220;Metamorfosi. Tutto muta&#8220; impone un\u2019analisi in tempo reale delle trasmutazioni in at-to: \u00e8 &hellip; <a href=\"https:\/\/old.taobuk.it\/en\/la-metamorfosi-antonella-ferrara\/\">Continued<\/a><\/p>\n","protected":false},"author":28,"featured_media":0,"parent":0,"menu_order":2,"comment_status":"closed","ping_status":"closed","template":"","meta":{"_acf_changed":false,"footnotes":""},"class_list":["post-17728","page","type-page","status-publish","hentry"],"acf":[],"yoast_head":"<!-- This site is optimized with the Yoast SEO plugin v27.4 - https:\/\/yoast.com\/product\/yoast-seo-wordpress\/ -->\n<title>La Metamorfosi - TaoBuk<\/title>\n<meta name=\"robots\" content=\"index, follow, max-snippet:-1, max-image-preview:large, max-video-preview:-1\" \/>\n<link rel=\"canonical\" href=\"https:\/\/old.taobuk.it\/en\/la-metamorfosi-antonella-ferrara\/\" \/>\n<meta property=\"og:locale\" content=\"en_US\" \/>\n<meta property=\"og:type\" content=\"article\" \/>\n<meta property=\"og:title\" content=\"La Metamorfosi - TaoBuk\" \/>\n<meta property=\"og:description\" content=\"[vc_row css=&#8221;.vc_custom_1554836816002{margin-top: 20px !important;}&#8221;][vc_column css=&#8221;.vc_custom_1554839673493{margin-top: 20px !important;}&#8221;][vc_custom_heading text=&#8221;Un conto \u00e8 raccontare la Storia, un conto \u00e8 viverla. Se Taobuk si \u00e8 via via configurato co-me un convivio di pensatori, chiamati a leggere il presente e progettare il futuro, ecco che il tema &#8220;Metamorfosi. Tutto muta&#8220; impone un\u2019analisi in tempo reale delle trasmutazioni in at-to: \u00e8 &hellip; Continued\" \/>\n<meta property=\"og:url\" content=\"https:\/\/old.taobuk.it\/en\/la-metamorfosi-antonella-ferrara\/\" \/>\n<meta property=\"og:site_name\" content=\"TaoBuk\" \/>\n<meta property=\"article:publisher\" content=\"https:\/\/www.facebook.com\/taobuk\/\" \/>\n<meta property=\"article:modified_time\" content=\"2021-05-31T14:47:21+00:00\" \/>\n<meta property=\"og:image\" content=\"https:\/\/old.taobuk.it\/wp-content\/uploads\/2018\/06\/placeholder_red_logo.jpg\" \/>\n\t<meta property=\"og:image:width\" content=\"1920\" \/>\n\t<meta property=\"og:image:height\" content=\"1080\" \/>\n\t<meta property=\"og:image:type\" content=\"image\/jpeg\" \/>\n<meta name=\"twitter:card\" content=\"summary_large_image\" \/>\n<meta name=\"twitter:site\" content=\"@taobukfestival\" \/>\n<meta name=\"twitter:label1\" content=\"Est. reading time\" \/>\n\t<meta name=\"twitter:data1\" content=\"3 minutes\" \/>\n<script type=\"application\/ld+json\" class=\"yoast-schema-graph\">{\"@context\":\"https:\\\/\\\/schema.org\",\"@graph\":[{\"@type\":\"WebPage\",\"@id\":\"https:\\\/\\\/old.taobuk.it\\\/en\\\/la-metamorfosi-antonella-ferrara\\\/\",\"url\":\"https:\\\/\\\/old.taobuk.it\\\/en\\\/la-metamorfosi-antonella-ferrara\\\/\",\"name\":\"La Metamorfosi - TaoBuk\",\"isPartOf\":{\"@id\":\"https:\\\/\\\/old.taobuk.it\\\/en\\\/#website\"},\"datePublished\":\"2021-05-27T23:08:57+00:00\",\"dateModified\":\"2021-05-31T14:47:21+00:00\",\"breadcrumb\":{\"@id\":\"https:\\\/\\\/old.taobuk.it\\\/en\\\/la-metamorfosi-antonella-ferrara\\\/#breadcrumb\"},\"inLanguage\":\"en-US\",\"potentialAction\":[{\"@type\":\"ReadAction\",\"target\":[\"https:\\\/\\\/old.taobuk.it\\\/en\\\/la-metamorfosi-antonella-ferrara\\\/\"]}]},{\"@type\":\"BreadcrumbList\",\"@id\":\"https:\\\/\\\/old.taobuk.it\\\/en\\\/la-metamorfosi-antonella-ferrara\\\/#breadcrumb\",\"itemListElement\":[{\"@type\":\"ListItem\",\"position\":1,\"name\":\"Home\",\"item\":\"https:\\\/\\\/old.taobuk.it\\\/en\\\/\"},{\"@type\":\"ListItem\",\"position\":2,\"name\":\"La Metamorfosi\"}]},{\"@type\":\"WebSite\",\"@id\":\"https:\\\/\\\/old.taobuk.it\\\/en\\\/#website\",\"url\":\"https:\\\/\\\/old.taobuk.it\\\/en\\\/\",\"name\":\"TaoBuk\",\"description\":\"Taormina International Book Festival\",\"publisher\":{\"@id\":\"https:\\\/\\\/old.taobuk.it\\\/en\\\/#organization\"},\"potentialAction\":[{\"@type\":\"SearchAction\",\"target\":{\"@type\":\"EntryPoint\",\"urlTemplate\":\"https:\\\/\\\/old.taobuk.it\\\/en\\\/?s={search_term_string}\"},\"query-input\":{\"@type\":\"PropertyValueSpecification\",\"valueRequired\":true,\"valueName\":\"search_term_string\"}}],\"inLanguage\":\"en-US\"},{\"@type\":\"Organization\",\"@id\":\"https:\\\/\\\/old.taobuk.it\\\/en\\\/#organization\",\"name\":\"Taobuk\",\"url\":\"https:\\\/\\\/old.taobuk.it\\\/en\\\/\",\"logo\":{\"@type\":\"ImageObject\",\"inLanguage\":\"en-US\",\"@id\":\"https:\\\/\\\/old.taobuk.it\\\/en\\\/#\\\/schema\\\/logo\\\/image\\\/\",\"url\":\"https:\\\/\\\/old.taobuk.it\\\/wp-content\\\/uploads\\\/2019\\\/05\\\/logo-negative.png\",\"contentUrl\":\"https:\\\/\\\/old.taobuk.it\\\/wp-content\\\/uploads\\\/2019\\\/05\\\/logo-negative.png\",\"width\":150,\"height\":46,\"caption\":\"Taobuk\"},\"image\":{\"@id\":\"https:\\\/\\\/old.taobuk.it\\\/en\\\/#\\\/schema\\\/logo\\\/image\\\/\"},\"sameAs\":[\"https:\\\/\\\/www.facebook.com\\\/taobuk\\\/\",\"https:\\\/\\\/x.com\\\/taobukfestival\",\"https:\\\/\\\/www.instagram.com\\\/taobukfestival\\\/\",\"https:\\\/\\\/www.youtube.com\\\/user\\\/TAOBUK\"]}]}<\/script>\n<!-- \/ Yoast SEO plugin. -->","yoast_head_json":{"title":"La Metamorfosi - TaoBuk","robots":{"index":"index","follow":"follow","max-snippet":"max-snippet:-1","max-image-preview":"max-image-preview:large","max-video-preview":"max-video-preview:-1"},"canonical":"https:\/\/old.taobuk.it\/en\/la-metamorfosi-antonella-ferrara\/","og_locale":"en_US","og_type":"article","og_title":"La Metamorfosi - TaoBuk","og_description":"[vc_row css=&#8221;.vc_custom_1554836816002{margin-top: 20px !important;}&#8221;][vc_column css=&#8221;.vc_custom_1554839673493{margin-top: 20px !important;}&#8221;][vc_custom_heading text=&#8221;Un conto \u00e8 raccontare la Storia, un conto \u00e8 viverla. Se Taobuk si \u00e8 via via configurato co-me un convivio di pensatori, chiamati a leggere il presente e progettare il futuro, ecco che il tema &#8220;Metamorfosi. Tutto muta&#8220; impone un\u2019analisi in tempo reale delle trasmutazioni in at-to: \u00e8 &hellip; Continued","og_url":"https:\/\/old.taobuk.it\/en\/la-metamorfosi-antonella-ferrara\/","og_site_name":"TaoBuk","article_publisher":"https:\/\/www.facebook.com\/taobuk\/","article_modified_time":"2021-05-31T14:47:21+00:00","og_image":[{"width":1920,"height":1080,"url":"https:\/\/old.taobuk.it\/wp-content\/uploads\/2018\/06\/placeholder_red_logo.jpg","type":"image\/jpeg"}],"twitter_card":"summary_large_image","twitter_site":"@taobukfestival","twitter_misc":{"Est. reading time":"3 minutes"},"schema":{"@context":"https:\/\/schema.org","@graph":[{"@type":"WebPage","@id":"https:\/\/old.taobuk.it\/en\/la-metamorfosi-antonella-ferrara\/","url":"https:\/\/old.taobuk.it\/en\/la-metamorfosi-antonella-ferrara\/","name":"La Metamorfosi - TaoBuk","isPartOf":{"@id":"https:\/\/old.taobuk.it\/en\/#website"},"datePublished":"2021-05-27T23:08:57+00:00","dateModified":"2021-05-31T14:47:21+00:00","breadcrumb":{"@id":"https:\/\/old.taobuk.it\/en\/la-metamorfosi-antonella-ferrara\/#breadcrumb"},"inLanguage":"en-US","potentialAction":[{"@type":"ReadAction","target":["https:\/\/old.taobuk.it\/en\/la-metamorfosi-antonella-ferrara\/"]}]},{"@type":"BreadcrumbList","@id":"https:\/\/old.taobuk.it\/en\/la-metamorfosi-antonella-ferrara\/#breadcrumb","itemListElement":[{"@type":"ListItem","position":1,"name":"Home","item":"https:\/\/old.taobuk.it\/en\/"},{"@type":"ListItem","position":2,"name":"La Metamorfosi"}]},{"@type":"WebSite","@id":"https:\/\/old.taobuk.it\/en\/#website","url":"https:\/\/old.taobuk.it\/en\/","name":"TaoBuk","description":"Taormina International Book Festival","publisher":{"@id":"https:\/\/old.taobuk.it\/en\/#organization"},"potentialAction":[{"@type":"SearchAction","target":{"@type":"EntryPoint","urlTemplate":"https:\/\/old.taobuk.it\/en\/?s={search_term_string}"},"query-input":{"@type":"PropertyValueSpecification","valueRequired":true,"valueName":"search_term_string"}}],"inLanguage":"en-US"},{"@type":"Organization","@id":"https:\/\/old.taobuk.it\/en\/#organization","name":"Taobuk","url":"https:\/\/old.taobuk.it\/en\/","logo":{"@type":"ImageObject","inLanguage":"en-US","@id":"https:\/\/old.taobuk.it\/en\/#\/schema\/logo\/image\/","url":"https:\/\/old.taobuk.it\/wp-content\/uploads\/2019\/05\/logo-negative.png","contentUrl":"https:\/\/old.taobuk.it\/wp-content\/uploads\/2019\/05\/logo-negative.png","width":150,"height":46,"caption":"Taobuk"},"image":{"@id":"https:\/\/old.taobuk.it\/en\/#\/schema\/logo\/image\/"},"sameAs":["https:\/\/www.facebook.com\/taobuk\/","https:\/\/x.com\/taobukfestival","https:\/\/www.instagram.com\/taobukfestival\/","https:\/\/www.youtube.com\/user\/TAOBUK"]}]}},"_links":{"self":[{"href":"https:\/\/old.taobuk.it\/en\/wp-json\/wp\/v2\/pages\/17728","targetHints":{"allow":["GET"]}}],"collection":[{"href":"https:\/\/old.taobuk.it\/en\/wp-json\/wp\/v2\/pages"}],"about":[{"href":"https:\/\/old.taobuk.it\/en\/wp-json\/wp\/v2\/types\/page"}],"author":[{"embeddable":true,"href":"https:\/\/old.taobuk.it\/en\/wp-json\/wp\/v2\/users\/28"}],"replies":[{"embeddable":true,"href":"https:\/\/old.taobuk.it\/en\/wp-json\/wp\/v2\/comments?post=17728"}],"version-history":[{"count":18,"href":"https:\/\/old.taobuk.it\/en\/wp-json\/wp\/v2\/pages\/17728\/revisions"}],"predecessor-version":[{"id":22238,"href":"https:\/\/old.taobuk.it\/en\/wp-json\/wp\/v2\/pages\/17728\/revisions\/22238"}],"wp:attachment":[{"href":"https:\/\/old.taobuk.it\/en\/wp-json\/wp\/v2\/media?parent=17728"}],"curies":[{"name":"wp","href":"https:\/\/api.w.org\/{rel}","templated":true}]}}