{"id":22436,"date":"2024-02-22T15:17:43","date_gmt":"2024-02-22T14:17:43","guid":{"rendered":"https:\/\/old.taobuk.it\/edizione-2019-copy\/"},"modified":"2024-02-22T16:33:55","modified_gmt":"2024-02-22T15:33:55","slug":"edizione-2022","status":"publish","type":"page","link":"https:\/\/old.taobuk.it\/en\/edizione-2022\/","title":{"rendered":"Edizione 2022"},"content":{"rendered":"<p>[vc_row css=&#8221;.vc_custom_1554836816002{margin-top: 20px !important;}&#8221;][vc_column css=&#8221;.vc_custom_1554839673493{margin-top: 20px !important;}&#8221;][vc_custom_heading text=&#8221;Cos\u2019\u00e8 il desiderio se non la spinta propulsiva di ogni nostra intenzione e azione, il motore delle scelte individuali che spesso diventano azioni collettive, la ragione fondante di ogni scelta e dunque la componente fondamentale della storia individuale e di quella universale?&#8221; font_container=&#8221;tag:div|font_size:16|text_align:left&#8221; use_theme_fonts=&#8221;yes&#8221;][vc_column_text el_class=&#8221;_abstract&#8221; css=&#8221;.vc_custom_1708611554344{padding-top: 20px !important;}&#8221;]Arduo compito, eppure necessario e imprescindibile, ricercare la Verit\u00e0. Una parola n\u00e9 plurale n\u00e9 singolare: non dogmatica, ma pervasa dal dubbio. La verit\u00e0 non \u00e8 mai acquisita, ma va indagata. Come una finestra aperta sul mondo, illumina la realt\u00e0. Perch\u00e9 l\u2019essere umano, come sosteneva Protagora, \u00e8 misura della Verit\u00e0. Ecco: il festival si spinge a fondo, e dalla letteratura travalica e interseca altri campi, arti e scienze, per contemplare punti di vista allargati.<br \/>\nSchopenhauer, del resto, sapeva bene quanto la via verso il vero fosse scandalosa, scomoda, rivoluzionaria: \u201cOgni verit\u00e0 \u2013 scriveva \u2013 passa attraverso tre fasi: prima viene ridicolizzata; poi \u00e8 violentemente contestata; infine viene accettata come ovvia\u201d. Sarebbe stato ancora lungo il percorso \u2013 e il ribaltamento di prospettiva \u2013 del relativismo novecentesco, da cui Taobuk intende prendere le mosse.[\/vc_column_text][\/vc_column][\/vc_row]<\/p>\n","protected":false},"excerpt":{"rendered":"<p>[vc_row css=&#8221;.vc_custom_1554836816002{margin-top: 20px !important;}&#8221;][vc_column css=&#8221;.vc_custom_1554839673493{margin-top: 20px !important;}&#8221;][vc_custom_heading text=&#8221;Cos\u2019\u00e8 il desiderio se non la spinta propulsiva di ogni nostra intenzione e azione, il motore delle scelte individuali che spesso diventano azioni collettive, la ragione fondante di ogni scelta e dunque la componente fondamentale della storia individuale e di quella universale?&#8221; font_container=&#8221;tag:div|font_size:16|text_align:left&#8221; use_theme_fonts=&#8221;yes&#8221;][vc_column_text el_class=&#8221;_abstract&#8221; css=&#8221;.vc_custom_1708611554344{padding-top: 20px !important;}&#8221;]Arduo &hellip; <a href=\"https:\/\/old.taobuk.it\/en\/edizione-2022\/\">Continued<\/a><\/p>\n","protected":false},"author":35,"featured_media":22431,"parent":0,"menu_order":49,"comment_status":"closed","ping_status":"closed","template":"template-new-vecchio_programma.php","meta":{"_acf_changed":false,"footnotes":""},"class_list":["post-22436","page","type-page","status-publish","has-post-thumbnail","hentry"],"acf":[],"yoast_head":"<!-- This site is optimized with the Yoast SEO plugin v27.4 - https:\/\/yoast.com\/product\/yoast-seo-wordpress\/ -->\n<title>Edizione 2022 - TaoBuk<\/title>\n<meta name=\"robots\" content=\"index, follow, max-snippet:-1, max-image-preview:large, max-video-preview:-1\" \/>\n<link rel=\"canonical\" href=\"https:\/\/old.taobuk.it\/en\/edizione-2022\/\" \/>\n<meta property=\"og:locale\" content=\"en_US\" \/>\n<meta property=\"og:type\" content=\"article\" \/>\n<meta property=\"og:title\" content=\"Edizione 2022 - TaoBuk\" \/>\n<meta property=\"og:description\" content=\"[vc_row css=&#8221;.vc_custom_1554836816002{margin-top: 20px !important;}&#8221;][vc_column css=&#8221;.vc_custom_1554839673493{margin-top: 20px !important;}&#8221;][vc_custom_heading text=&#8221;Cos\u2019\u00e8 il desiderio se non la spinta propulsiva di ogni nostra intenzione e azione, il motore delle scelte individuali che spesso diventano azioni collettive, la ragione fondante di ogni scelta e dunque la componente fondamentale della storia individuale e di quella universale?&#8221; font_container=&#8221;tag:div|font_size:16|text_align:left&#8221; use_theme_fonts=&#8221;yes&#8221;][vc_column_text el_class=&#8221;_abstract&#8221; css=&#8221;.vc_custom_1708611554344{padding-top: 20px !important;}&#8221;]Arduo &hellip; Continued\" \/>\n<meta property=\"og:url\" content=\"https:\/\/old.taobuk.it\/en\/edizione-2022\/\" \/>\n<meta property=\"og:site_name\" content=\"TaoBuk\" \/>\n<meta property=\"article:publisher\" content=\"https:\/\/www.facebook.com\/taobuk\/\" \/>\n<meta property=\"article:modified_time\" content=\"2024-02-22T15:33:55+00:00\" \/>\n<meta property=\"og:image\" content=\"https:\/\/old.taobuk.it\/wp-content\/uploads\/2024\/02\/banner-taobuk.jpg\" \/>\n\t<meta property=\"og:image:width\" content=\"1366\" \/>\n\t<meta property=\"og:image:height\" content=\"768\" \/>\n\t<meta property=\"og:image:type\" content=\"image\/jpeg\" \/>\n<meta name=\"twitter:card\" content=\"summary_large_image\" \/>\n<meta name=\"twitter:site\" content=\"@taobukfestival\" \/>\n<meta name=\"twitter:label1\" content=\"Est. reading time\" \/>\n\t<meta name=\"twitter:data1\" content=\"2 minutes\" \/>\n<script type=\"application\/ld+json\" class=\"yoast-schema-graph\">{\"@context\":\"https:\\\/\\\/schema.org\",\"@graph\":[{\"@type\":\"WebPage\",\"@id\":\"https:\\\/\\\/old.taobuk.it\\\/en\\\/edizione-2022\\\/\",\"url\":\"https:\\\/\\\/old.taobuk.it\\\/en\\\/edizione-2022\\\/\",\"name\":\"Edizione 2022 - TaoBuk\",\"isPartOf\":{\"@id\":\"https:\\\/\\\/old.taobuk.it\\\/en\\\/#website\"},\"primaryImageOfPage\":{\"@id\":\"https:\\\/\\\/old.taobuk.it\\\/en\\\/edizione-2022\\\/#primaryimage\"},\"image\":{\"@id\":\"https:\\\/\\\/old.taobuk.it\\\/en\\\/edizione-2022\\\/#primaryimage\"},\"thumbnailUrl\":\"https:\\\/\\\/old.taobuk.it\\\/wp-content\\\/uploads\\\/2024\\\/02\\\/banner-taobuk.jpg\",\"datePublished\":\"2024-02-22T14:17:43+00:00\",\"dateModified\":\"2024-02-22T15:33:55+00:00\",\"breadcrumb\":{\"@id\":\"https:\\\/\\\/old.taobuk.it\\\/en\\\/edizione-2022\\\/#breadcrumb\"},\"inLanguage\":\"en-US\",\"potentialAction\":[{\"@type\":\"ReadAction\",\"target\":[\"https:\\\/\\\/old.taobuk.it\\\/en\\\/edizione-2022\\\/\"]}]},{\"@type\":\"ImageObject\",\"inLanguage\":\"en-US\",\"@id\":\"https:\\\/\\\/old.taobuk.it\\\/en\\\/edizione-2022\\\/#primaryimage\",\"url\":\"https:\\\/\\\/old.taobuk.it\\\/wp-content\\\/uploads\\\/2024\\\/02\\\/banner-taobuk.jpg\",\"contentUrl\":\"https:\\\/\\\/old.taobuk.it\\\/wp-content\\\/uploads\\\/2024\\\/02\\\/banner-taobuk.jpg\",\"width\":1366,\"height\":768},{\"@type\":\"BreadcrumbList\",\"@id\":\"https:\\\/\\\/old.taobuk.it\\\/en\\\/edizione-2022\\\/#breadcrumb\",\"itemListElement\":[{\"@type\":\"ListItem\",\"position\":1,\"name\":\"Home\",\"item\":\"https:\\\/\\\/old.taobuk.it\\\/en\\\/\"},{\"@type\":\"ListItem\",\"position\":2,\"name\":\"Edizione 2022\"}]},{\"@type\":\"WebSite\",\"@id\":\"https:\\\/\\\/old.taobuk.it\\\/en\\\/#website\",\"url\":\"https:\\\/\\\/old.taobuk.it\\\/en\\\/\",\"name\":\"TaoBuk\",\"description\":\"Taormina International Book Festival\",\"publisher\":{\"@id\":\"https:\\\/\\\/old.taobuk.it\\\/en\\\/#organization\"},\"potentialAction\":[{\"@type\":\"SearchAction\",\"target\":{\"@type\":\"EntryPoint\",\"urlTemplate\":\"https:\\\/\\\/old.taobuk.it\\\/en\\\/?s={search_term_string}\"},\"query-input\":{\"@type\":\"PropertyValueSpecification\",\"valueRequired\":true,\"valueName\":\"search_term_string\"}}],\"inLanguage\":\"en-US\"},{\"@type\":\"Organization\",\"@id\":\"https:\\\/\\\/old.taobuk.it\\\/en\\\/#organization\",\"name\":\"Taobuk\",\"url\":\"https:\\\/\\\/old.taobuk.it\\\/en\\\/\",\"logo\":{\"@type\":\"ImageObject\",\"inLanguage\":\"en-US\",\"@id\":\"https:\\\/\\\/old.taobuk.it\\\/en\\\/#\\\/schema\\\/logo\\\/image\\\/\",\"url\":\"https:\\\/\\\/old.taobuk.it\\\/wp-content\\\/uploads\\\/2019\\\/05\\\/logo-negative.png\",\"contentUrl\":\"https:\\\/\\\/old.taobuk.it\\\/wp-content\\\/uploads\\\/2019\\\/05\\\/logo-negative.png\",\"width\":150,\"height\":46,\"caption\":\"Taobuk\"},\"image\":{\"@id\":\"https:\\\/\\\/old.taobuk.it\\\/en\\\/#\\\/schema\\\/logo\\\/image\\\/\"},\"sameAs\":[\"https:\\\/\\\/www.facebook.com\\\/taobuk\\\/\",\"https:\\\/\\\/x.com\\\/taobukfestival\",\"https:\\\/\\\/www.instagram.com\\\/taobukfestival\\\/\",\"https:\\\/\\\/www.youtube.com\\\/user\\\/TAOBUK\"]}]}<\/script>\n<!-- \/ Yoast SEO plugin. -->","yoast_head_json":{"title":"Edizione 2022 - TaoBuk","robots":{"index":"index","follow":"follow","max-snippet":"max-snippet:-1","max-image-preview":"max-image-preview:large","max-video-preview":"max-video-preview:-1"},"canonical":"https:\/\/old.taobuk.it\/en\/edizione-2022\/","og_locale":"en_US","og_type":"article","og_title":"Edizione 2022 - TaoBuk","og_description":"[vc_row css=&#8221;.vc_custom_1554836816002{margin-top: 20px !important;}&#8221;][vc_column css=&#8221;.vc_custom_1554839673493{margin-top: 20px !important;}&#8221;][vc_custom_heading text=&#8221;Cos\u2019\u00e8 il desiderio se non la spinta propulsiva di ogni nostra intenzione e azione, il motore delle scelte individuali che spesso diventano azioni collettive, la ragione fondante di ogni scelta e dunque la componente fondamentale della storia individuale e di quella universale?&#8221; font_container=&#8221;tag:div|font_size:16|text_align:left&#8221; use_theme_fonts=&#8221;yes&#8221;][vc_column_text el_class=&#8221;_abstract&#8221; css=&#8221;.vc_custom_1708611554344{padding-top: 20px !important;}&#8221;]Arduo &hellip; Continued","og_url":"https:\/\/old.taobuk.it\/en\/edizione-2022\/","og_site_name":"TaoBuk","article_publisher":"https:\/\/www.facebook.com\/taobuk\/","article_modified_time":"2024-02-22T15:33:55+00:00","og_image":[{"width":1366,"height":768,"url":"https:\/\/old.taobuk.it\/wp-content\/uploads\/2024\/02\/banner-taobuk.jpg","type":"image\/jpeg"}],"twitter_card":"summary_large_image","twitter_site":"@taobukfestival","twitter_misc":{"Est. reading time":"2 minutes"},"schema":{"@context":"https:\/\/schema.org","@graph":[{"@type":"WebPage","@id":"https:\/\/old.taobuk.it\/en\/edizione-2022\/","url":"https:\/\/old.taobuk.it\/en\/edizione-2022\/","name":"Edizione 2022 - TaoBuk","isPartOf":{"@id":"https:\/\/old.taobuk.it\/en\/#website"},"primaryImageOfPage":{"@id":"https:\/\/old.taobuk.it\/en\/edizione-2022\/#primaryimage"},"image":{"@id":"https:\/\/old.taobuk.it\/en\/edizione-2022\/#primaryimage"},"thumbnailUrl":"https:\/\/old.taobuk.it\/wp-content\/uploads\/2024\/02\/banner-taobuk.jpg","datePublished":"2024-02-22T14:17:43+00:00","dateModified":"2024-02-22T15:33:55+00:00","breadcrumb":{"@id":"https:\/\/old.taobuk.it\/en\/edizione-2022\/#breadcrumb"},"inLanguage":"en-US","potentialAction":[{"@type":"ReadAction","target":["https:\/\/old.taobuk.it\/en\/edizione-2022\/"]}]},{"@type":"ImageObject","inLanguage":"en-US","@id":"https:\/\/old.taobuk.it\/en\/edizione-2022\/#primaryimage","url":"https:\/\/old.taobuk.it\/wp-content\/uploads\/2024\/02\/banner-taobuk.jpg","contentUrl":"https:\/\/old.taobuk.it\/wp-content\/uploads\/2024\/02\/banner-taobuk.jpg","width":1366,"height":768},{"@type":"BreadcrumbList","@id":"https:\/\/old.taobuk.it\/en\/edizione-2022\/#breadcrumb","itemListElement":[{"@type":"ListItem","position":1,"name":"Home","item":"https:\/\/old.taobuk.it\/en\/"},{"@type":"ListItem","position":2,"name":"Edizione 2022"}]},{"@type":"WebSite","@id":"https:\/\/old.taobuk.it\/en\/#website","url":"https:\/\/old.taobuk.it\/en\/","name":"TaoBuk","description":"Taormina International Book Festival","publisher":{"@id":"https:\/\/old.taobuk.it\/en\/#organization"},"potentialAction":[{"@type":"SearchAction","target":{"@type":"EntryPoint","urlTemplate":"https:\/\/old.taobuk.it\/en\/?s={search_term_string}"},"query-input":{"@type":"PropertyValueSpecification","valueRequired":true,"valueName":"search_term_string"}}],"inLanguage":"en-US"},{"@type":"Organization","@id":"https:\/\/old.taobuk.it\/en\/#organization","name":"Taobuk","url":"https:\/\/old.taobuk.it\/en\/","logo":{"@type":"ImageObject","inLanguage":"en-US","@id":"https:\/\/old.taobuk.it\/en\/#\/schema\/logo\/image\/","url":"https:\/\/old.taobuk.it\/wp-content\/uploads\/2019\/05\/logo-negative.png","contentUrl":"https:\/\/old.taobuk.it\/wp-content\/uploads\/2019\/05\/logo-negative.png","width":150,"height":46,"caption":"Taobuk"},"image":{"@id":"https:\/\/old.taobuk.it\/en\/#\/schema\/logo\/image\/"},"sameAs":["https:\/\/www.facebook.com\/taobuk\/","https:\/\/x.com\/taobukfestival","https:\/\/www.instagram.com\/taobukfestival\/","https:\/\/www.youtube.com\/user\/TAOBUK"]}]}},"_links":{"self":[{"href":"https:\/\/old.taobuk.it\/en\/wp-json\/wp\/v2\/pages\/22436","targetHints":{"allow":["GET"]}}],"collection":[{"href":"https:\/\/old.taobuk.it\/en\/wp-json\/wp\/v2\/pages"}],"about":[{"href":"https:\/\/old.taobuk.it\/en\/wp-json\/wp\/v2\/types\/page"}],"author":[{"embeddable":true,"href":"https:\/\/old.taobuk.it\/en\/wp-json\/wp\/v2\/users\/35"}],"replies":[{"embeddable":true,"href":"https:\/\/old.taobuk.it\/en\/wp-json\/wp\/v2\/comments?post=22436"}],"version-history":[{"count":7,"href":"https:\/\/old.taobuk.it\/en\/wp-json\/wp\/v2\/pages\/22436\/revisions"}],"predecessor-version":[{"id":22505,"href":"https:\/\/old.taobuk.it\/en\/wp-json\/wp\/v2\/pages\/22436\/revisions\/22505"}],"wp:featuredmedia":[{"embeddable":true,"href":"https:\/\/old.taobuk.it\/en\/wp-json\/wp\/v2\/media\/22431"}],"wp:attachment":[{"href":"https:\/\/old.taobuk.it\/en\/wp-json\/wp\/v2\/media?parent=22436"}],"curies":[{"name":"wp","href":"https:\/\/api.w.org\/{rel}","templated":true}]}}